{"id":269,"date":"2022-06-14T21:14:51","date_gmt":"2022-06-14T19:14:51","guid":{"rendered":"https:\/\/buntetojog.at\/?page_id=269"},"modified":"2022-06-25T19:37:34","modified_gmt":"2022-06-25T17:37:34","slug":"impressum","status":"publish","type":"page","link":"https:\/\/buntetojog.at\/hu\/impresszum\/","title":{"rendered":"Impresszum"},"content":{"rendered":"<div data-elementor-type=\"wp-page\" data-elementor-id=\"269\" class=\"elementor elementor-269\" data-elementor-post-type=\"page\">\n\t\t\t\t\t\t\t\t\t<main class=\"elementor-section elementor-top-section elementor-element elementor-element-7ce77236 elementor-section-height-min-height elementor-section-boxed elementor-section-height-default elementor-section-items-middle\" data-id=\"7ce77236\" data-element_type=\"section\" data-settings=\"{&quot;background_background&quot;:&quot;classic&quot;}\">\n\t\t\t\t\t\t\t<div class=\"elementor-background-overlay\"><\/div>\n\t\t\t\t\t\t\t<div class=\"elementor-container elementor-column-gap-default\">\n\t\t\t\t\t<div class=\"elementor-column elementor-col-100 elementor-top-column elementor-element elementor-element-73add63b\" data-id=\"73add63b\" data-element_type=\"column\">\n\t\t\t<div class=\"elementor-widget-wrap elementor-element-populated\">\n\t\t\t\t\t\t\t\t<div class=\"elementor-element elementor-element-23a0f355 elementor-widget elementor-widget-heading\" data-id=\"23a0f355\" data-element_type=\"widget\" data-widget_type=\"heading.default\">\n\t\t\t\t<div class=\"elementor-widget-container\">\n\t\t\t<style>\/*! elementor - v3.15.0 - 20-08-2023 *\/\n.elementor-heading-title{padding:0;margin:0;line-height:1}.elementor-widget-heading .elementor-heading-title[class*=elementor-size-]>a{color:inherit;font-size:inherit;line-height:inherit}.elementor-widget-heading .elementor-heading-title.elementor-size-small{font-size:15px}.elementor-widget-heading .elementor-heading-title.elementor-size-medium{font-size:19px}.elementor-widget-heading .elementor-heading-title.elementor-size-large{font-size:29px}.elementor-widget-heading .elementor-heading-title.elementor-size-xl{font-size:39px}.elementor-widget-heading .elementor-heading-title.elementor-size-xxl{font-size:59px}<\/style><h1 class=\"elementor-heading-title elementor-size-default\">Impresszum<\/h1>\t\t<\/div>\n\t\t\t\t<\/div>\n\t\t\t\t\t<\/div>\n\t\t<\/div>\n\t\t\t\t\t\t\t<\/div>\n\t\t<\/main>\n\t\t\t\t<section class=\"elementor-section elementor-top-section elementor-element elementor-element-78bda69 elementor-section-boxed elementor-section-height-default elementor-section-height-default\" data-id=\"78bda69\" data-element_type=\"section\">\n\t\t\t\t\t\t<div class=\"elementor-container elementor-column-gap-default\">\n\t\t\t\t\t<div class=\"elementor-column elementor-col-100 elementor-top-column elementor-element elementor-element-8fec6d5\" data-id=\"8fec6d5\" data-element_type=\"column\">\n\t\t\t<div class=\"elementor-widget-wrap elementor-element-populated\">\n\t\t\t\t\t\t\t\t<div class=\"elementor-element elementor-element-6d7db88 elementor-widget elementor-widget-text-editor\" data-id=\"6d7db88\" data-element_type=\"widget\" data-widget_type=\"text-editor.default\">\n\t\t\t\t<div class=\"elementor-widget-container\">\n\t\t\t<style>\/*! elementor - v3.15.0 - 20-08-2023 *\/\n.elementor-widget-text-editor.elementor-drop-cap-view-stacked .elementor-drop-cap{background-color:#69727d;color:#fff}.elementor-widget-text-editor.elementor-drop-cap-view-framed .elementor-drop-cap{color:#69727d;border:3px solid;background-color:transparent}.elementor-widget-text-editor:not(.elementor-drop-cap-view-default) .elementor-drop-cap{margin-top:8px}.elementor-widget-text-editor:not(.elementor-drop-cap-view-default) .elementor-drop-cap-letter{width:1em;height:1em}.elementor-widget-text-editor .elementor-drop-cap{float:left;text-align:center;line-height:1;font-size:50px}.elementor-widget-text-editor .elementor-drop-cap-letter{display:inline-block}<\/style>\t\t\t\t<p>Offenlegung gem. \u00a7 5 ECG und \u00a7 25 Mediengesetz<\/p><p>Medieninhaber:<br \/>Mag. Daniel Mozga<br \/>Dr. Veronika Ujv\u00e1rosi<\/p><p>Gerichtsstand: Wien<\/p><p>Unternehmensgegenstand:<br \/>Aus\u00fcbung des Rechtsanwaltsberufs<\/p><p>Kammer:<br \/>Rechtsanwaltskammer Wien,<br \/>Rotenturmstra\u00dfe 13, 1010 Wien<\/p><p>Anwendbare berufsrechtliche Vorschriften:<br \/>Rechtsanwaltsordnung (RAO), Disziplinarstatut f\u00fcr Rechtsanw\u00e4lte und Rechtsanwaltsanw\u00e4rter (DSt), Richtlinien f\u00fcr die Aus\u00fcbung des Rechtsanwaltsberufes und f\u00fcr die \u00dcberwachung der Pflichten des Rechtsanwaltes und des Rechtsanwaltsanw\u00e4rters (RL-BA) \u2013 www.ris.bka.gv.at<br \/>Die Inhalte meiner Seiten dienen allgemeinen Informationszwecken. F\u00fcr deren Richtigkeit, Vollst\u00e4ndigkeit und Aktualit\u00e4t \u00fcbernehme ich ebenso keine Haftung wie f\u00fcr die Inhalte etwaiger verlinkter Webseiten, die von Dritten betrieben werden. Der gesamte Inhalt dieser Website unterliegt dem Urheberrecht. Die Verwendung, Reproduktion oder Wiedergabe des Inhalts oder von Teilen des Inhalts bedarf meiner vorherigen schriftlichen Zustimmung.<\/p><p>Diese Website ist ein Kommunikationsmedium und richtet sich an Klienten sowie sonstige an Rechtsfragen interessierte Personen. Inhalte sind die Pr\u00e4sentation von Mag. Marcus Marakovics sowie Informationen zu aktuellen rechtlichen Themen.<br \/>Die Informationen und Darstellungen auf dieser Website dienen lediglich der generellen Information und stellen keine rechtliche Auskunft oder Rechtsberatung dar. Mag. Marcus Marakovics \u00fcbernimmt keine Haftung f\u00fcr unmittelbare, mittelbare oder zuf\u00e4llige Sch\u00e4den, Folgesch\u00e4den jeglicher Art und aus welchem Rechtsgrund auch immer, die durch den Zugriff auf oder die Verwendung der Website, insbesondere auch durch Infizierung der Computerumgebung mit Viren, oder durch Verwendung bzw. Anwendung der Informationen und Darstellungen sowie deren \u00c4nderung, Erg\u00e4nzung, g\u00e4nzlichen oder teilweisen L\u00f6schung, resultieren.<br \/>Verkn\u00fcpfungen (\u201eHyperlinks\u201c) von dieser Website zu Websites Dritter stelle ich als zus\u00e4tzlichen Service zur Verf\u00fcgung. Diese Websites sind vollst\u00e4ndig unabh\u00e4ngig und liegen au\u00dferhalb der Kontrolle von Mag. Daniel Mozga und\u00a0Dr. Veronika Ujv\u00e1rosi. Mag. Daniel Mozga und<br \/>Dr. Veronika Ujv\u00e1rosi \u00fcbernehmen keine Verantwortung f\u00fcr die Inhalte, Richtigkeit, Vollst\u00e4ndigkeit, Aktualit\u00e4t oder Gesetzeskonformit\u00e4t von Websites Dritter, die \u00fcber Links von dieser Website erreicht werden k\u00f6nnen oder die ihrerseits auf diese Website verlinken. Jegliche Haftung von Mag. Daniel Mozga und\u00a0Dr. Veronika Ujv\u00e1rosi ist im oben beschriebenen Sinn ausgeschlossen.<\/p><footer id=\"site-footer\" class=\"header-footer-group\" role=\"contentinfo\"><\/footer>\t\t\t\t\t\t<\/div>\n\t\t\t\t<\/div>\n\t\t\t\t\t<\/div>\n\t\t<\/div>\n\t\t\t\t\t\t\t<\/div>\n\t\t<\/section>\n\t\t\t\t\t\t\t<\/div>","protected":false},"excerpt":{"rendered":"<p>Impressum Offenlegung gem. \u00a7 5 ECG und \u00a7 25 Mediengesetz Medieninhaber:Mag. Daniel MozgaDr. Veronika Ujv\u00e1rosi Gerichtsstand: Wien Unternehmensgegenstand:Aus\u00fcbung des Rechtsanwaltsberufs Kammer:Rechtsanwaltskammer Wien,Rotenturmstra\u00dfe 13, 1010 Wien Anwendbare berufsrechtliche Vorschriften:Rechtsanwaltsordnung (RAO), Disziplinarstatut f\u00fcr Rechtsanw\u00e4lte und Rechtsanwaltsanw\u00e4rter (DSt), Richtlinien f\u00fcr die Aus\u00fcbung des Rechtsanwaltsberufes und f\u00fcr die \u00dcberwachung der Pflichten des Rechtsanwaltes und des Rechtsanwaltsanw\u00e4rters (RL-BA) \u2013 www.ris.bka.gv.atDie [&hellip;]<\/p>","protected":false},"author":1,"featured_media":0,"parent":0,"menu_order":0,"comment_status":"closed","ping_status":"closed","template":"elementor_header_footer","meta":{"footnotes":""},"class_list":["post-269","page","type-page","status-publish","hentry"],"_links":{"self":[{"href":"https:\/\/buntetojog.at\/hu\/wp-json\/wp\/v2\/pages\/269","targetHints":{"allow":["GET"]}}],"collection":[{"href":"https:\/\/buntetojog.at\/hu\/wp-json\/wp\/v2\/pages"}],"about":[{"href":"https:\/\/buntetojog.at\/hu\/wp-json\/wp\/v2\/types\/page"}],"author":[{"embeddable":true,"href":"https:\/\/buntetojog.at\/hu\/wp-json\/wp\/v2\/users\/1"}],"replies":[{"embeddable":true,"href":"https:\/\/buntetojog.at\/hu\/wp-json\/wp\/v2\/comments?post=269"}],"version-history":[{"count":17,"href":"https:\/\/buntetojog.at\/hu\/wp-json\/wp\/v2\/pages\/269\/revisions"}],"predecessor-version":[{"id":420,"href":"https:\/\/buntetojog.at\/hu\/wp-json\/wp\/v2\/pages\/269\/revisions\/420"}],"wp:attachment":[{"href":"https:\/\/buntetojog.at\/hu\/wp-json\/wp\/v2\/media?parent=269"}],"curies":[{"name":"wp","href":"https:\/\/api.w.org\/{rel}","templated":true}]}}