{"id":204,"date":"2022-06-14T20:19:23","date_gmt":"2022-06-14T18:19:23","guid":{"rendered":"https:\/\/buntetojog.at\/?page_id=204"},"modified":"2022-07-13T11:38:38","modified_gmt":"2022-07-13T09:38:38","slug":"erste-hilfe","status":"publish","type":"page","link":"https:\/\/buntetojog.at\/hu\/jogi-elsosegely\/","title":{"rendered":"jogi els\u0151seg\u00e9ly"},"content":{"rendered":"<div data-elementor-type=\"wp-page\" data-elementor-id=\"204\" class=\"elementor elementor-204\" data-elementor-post-type=\"page\">\n\t\t\t\t\t\t\t\t\t<main class=\"elementor-section elementor-top-section elementor-element elementor-element-7ce77236 elementor-section-height-min-height elementor-section-boxed elementor-section-height-default elementor-section-items-middle\" data-id=\"7ce77236\" data-element_type=\"section\" data-settings=\"{&quot;background_background&quot;:&quot;classic&quot;}\">\n\t\t\t\t\t\t\t<div class=\"elementor-background-overlay\"><\/div>\n\t\t\t\t\t\t\t<div class=\"elementor-container elementor-column-gap-default\">\n\t\t\t\t\t<div class=\"elementor-column elementor-col-100 elementor-top-column elementor-element elementor-element-73add63b\" data-id=\"73add63b\" data-element_type=\"column\">\n\t\t\t<div class=\"elementor-widget-wrap elementor-element-populated\">\n\t\t\t\t\t\t\t\t<div class=\"elementor-element elementor-element-23a0f355 elementor-widget elementor-widget-heading\" data-id=\"23a0f355\" data-element_type=\"widget\" data-widget_type=\"heading.default\">\n\t\t\t\t<div class=\"elementor-widget-container\">\n\t\t\t<style>\/*! elementor - v3.15.0 - 20-08-2023 *\/\n.elementor-heading-title{padding:0;margin:0;line-height:1}.elementor-widget-heading .elementor-heading-title[class*=elementor-size-]>a{color:inherit;font-size:inherit;line-height:inherit}.elementor-widget-heading .elementor-heading-title.elementor-size-small{font-size:15px}.elementor-widget-heading .elementor-heading-title.elementor-size-medium{font-size:19px}.elementor-widget-heading .elementor-heading-title.elementor-size-large{font-size:29px}.elementor-widget-heading .elementor-heading-title.elementor-size-xl{font-size:39px}.elementor-widget-heading .elementor-heading-title.elementor-size-xxl{font-size:59px}<\/style><h1 class=\"elementor-heading-title elementor-size-default\">jogi els\u0151seg\u00e9ly<\/h1>\t\t<\/div>\n\t\t\t\t<\/div>\n\t\t\t\t\t<\/div>\n\t\t<\/div>\n\t\t\t\t\t\t\t<\/div>\n\t\t<\/main>\n\t\t\t\t<section class=\"elementor-section elementor-top-section elementor-element elementor-element-61297c92 elementor-section-boxed elementor-section-height-default elementor-section-height-default\" data-id=\"61297c92\" data-element_type=\"section\">\n\t\t\t\t\t\t<div class=\"elementor-container elementor-column-gap-default\">\n\t\t\t\t\t<div class=\"elementor-column elementor-col-100 elementor-top-column elementor-element elementor-element-43651701\" data-id=\"43651701\" data-element_type=\"column\">\n\t\t\t<div class=\"elementor-widget-wrap elementor-element-populated\">\n\t\t\t\t\t\t\t\t<div class=\"elementor-element elementor-element-5c43d21 elementor-widget__width-initial elementor-hidden-mobile elementor-widget-divider--view-line elementor-widget elementor-widget-divider\" data-id=\"5c43d21\" data-element_type=\"widget\" data-widget_type=\"divider.default\">\n\t\t\t\t<div class=\"elementor-widget-container\">\n\t\t\t<style>\/*! elementor - v3.15.0 - 20-08-2023 *\/\n.elementor-widget-divider{--divider-border-style:none;--divider-border-width:1px;--divider-color:#0c0d0e;--divider-icon-size:20px;--divider-element-spacing:10px;--divider-pattern-height:24px;--divider-pattern-size:20px;--divider-pattern-url:none;--divider-pattern-repeat:repeat-x}.elementor-widget-divider .elementor-divider{display:flex}.elementor-widget-divider .elementor-divider__text{font-size:15px;line-height:1;max-width:95%}.elementor-widget-divider .elementor-divider__element{margin:0 var(--divider-element-spacing);flex-shrink:0}.elementor-widget-divider .elementor-icon{font-size:var(--divider-icon-size)}.elementor-widget-divider .elementor-divider-separator{display:flex;margin:0;direction:ltr}.elementor-widget-divider--view-line_icon .elementor-divider-separator,.elementor-widget-divider--view-line_text .elementor-divider-separator{align-items:center}.elementor-widget-divider--view-line_icon .elementor-divider-separator:after,.elementor-widget-divider--view-line_icon .elementor-divider-separator:before,.elementor-widget-divider--view-line_text .elementor-divider-separator:after,.elementor-widget-divider--view-line_text .elementor-divider-separator:before{display:block;content:\"\";border-bottom:0;flex-grow:1;border-top:var(--divider-border-width) var(--divider-border-style) var(--divider-color)}.elementor-widget-divider--element-align-left .elementor-divider .elementor-divider-separator>.elementor-divider__svg:first-of-type{flex-grow:0;flex-shrink:100}.elementor-widget-divider--element-align-left .elementor-divider-separator:before{content:none}.elementor-widget-divider--element-align-left .elementor-divider__element{margin-left:0}.elementor-widget-divider--element-align-right .elementor-divider .elementor-divider-separator>.elementor-divider__svg:last-of-type{flex-grow:0;flex-shrink:100}.elementor-widget-divider--element-align-right .elementor-divider-separator:after{content:none}.elementor-widget-divider--element-align-right .elementor-divider__element{margin-right:0}.elementor-widget-divider:not(.elementor-widget-divider--view-line_text):not(.elementor-widget-divider--view-line_icon) .elementor-divider-separator{border-top:var(--divider-border-width) var(--divider-border-style) var(--divider-color)}.elementor-widget-divider--separator-type-pattern{--divider-border-style:none}.elementor-widget-divider--separator-type-pattern.elementor-widget-divider--view-line .elementor-divider-separator,.elementor-widget-divider--separator-type-pattern:not(.elementor-widget-divider--view-line) .elementor-divider-separator:after,.elementor-widget-divider--separator-type-pattern:not(.elementor-widget-divider--view-line) .elementor-divider-separator:before,.elementor-widget-divider--separator-type-pattern:not([class*=elementor-widget-divider--view]) .elementor-divider-separator{width:100%;min-height:var(--divider-pattern-height);-webkit-mask-size:var(--divider-pattern-size) 100%;mask-size:var(--divider-pattern-size) 100%;-webkit-mask-repeat:var(--divider-pattern-repeat);mask-repeat:var(--divider-pattern-repeat);background-color:var(--divider-color);-webkit-mask-image:var(--divider-pattern-url);mask-image:var(--divider-pattern-url)}.elementor-widget-divider--no-spacing{--divider-pattern-size:auto}.elementor-widget-divider--bg-round{--divider-pattern-repeat:round}.rtl .elementor-widget-divider .elementor-divider__text{direction:rtl}.e-con-inner>.elementor-widget-divider,.e-con>.elementor-widget-divider{width:var(--container-widget-width,100%);--flex-grow:var(--container-widget-flex-grow)}<\/style>\t\t<div class=\"elementor-divider\">\n\t\t\t<span class=\"elementor-divider-separator\">\n\t\t\t\t\t\t<\/span>\n\t\t<\/div>\n\t\t\t\t<\/div>\n\t\t\t\t<\/div>\n\t\t\t\t<div class=\"elementor-element elementor-element-292a29a7 elementor-widget__width-auto elementor-widget elementor-widget-heading\" data-id=\"292a29a7\" data-element_type=\"widget\" data-widget_type=\"heading.default\">\n\t\t\t\t<div class=\"elementor-widget-container\">\n\t\t\t<h2 class=\"elementor-heading-title elementor-size-default\">v\u00e1lasz a k\u00e9rd\u00e9s\u00e9re<\/h2>\t\t<\/div>\n\t\t\t\t<\/div>\n\t\t\t\t<div class=\"elementor-element elementor-element-3cf680a elementor-widget__width-initial elementor-widget-divider--view-line elementor-widget elementor-widget-divider\" data-id=\"3cf680a\" data-element_type=\"widget\" data-widget_type=\"divider.default\">\n\t\t\t\t<div class=\"elementor-widget-container\">\n\t\t\t\t\t<div class=\"elementor-divider\">\n\t\t\t<span class=\"elementor-divider-separator\">\n\t\t\t\t\t\t<\/span>\n\t\t<\/div>\n\t\t\t\t<\/div>\n\t\t\t\t<\/div>\n\t\t\t\t<div class=\"elementor-element elementor-element-46c4bbc4 elementor-widget elementor-widget-accordion\" data-id=\"46c4bbc4\" data-element_type=\"widget\" data-widget_type=\"accordion.default\">\n\t\t\t\t<div class=\"elementor-widget-container\">\n\t\t\t<style>\/*! elementor - v3.15.0 - 20-08-2023 *\/\n.elementor-accordion{text-align:left}.elementor-accordion .elementor-accordion-item{border:1px solid #d5d8dc}.elementor-accordion .elementor-accordion-item+.elementor-accordion-item{border-top:none}.elementor-accordion .elementor-tab-title{margin:0;padding:15px 20px;font-weight:700;line-height:1;cursor:pointer;outline:none}.elementor-accordion .elementor-tab-title .elementor-accordion-icon{display:inline-block;width:1.5em}.elementor-accordion .elementor-tab-title .elementor-accordion-icon svg{width:1em;height:1em}.elementor-accordion .elementor-tab-title .elementor-accordion-icon.elementor-accordion-icon-right{float:right;text-align:right}.elementor-accordion .elementor-tab-title .elementor-accordion-icon.elementor-accordion-icon-left{float:left;text-align:left}.elementor-accordion .elementor-tab-title .elementor-accordion-icon .elementor-accordion-icon-closed{display:block}.elementor-accordion .elementor-tab-title .elementor-accordion-icon .elementor-accordion-icon-opened,.elementor-accordion .elementor-tab-title.elementor-active .elementor-accordion-icon-closed{display:none}.elementor-accordion .elementor-tab-title.elementor-active .elementor-accordion-icon-opened{display:block}.elementor-accordion .elementor-tab-content{display:none;padding:15px 20px;border-top:1px solid #d5d8dc}@media (max-width:767px){.elementor-accordion .elementor-tab-title{padding:12px 15px}.elementor-accordion .elementor-tab-title .elementor-accordion-icon{width:1.2em}.elementor-accordion .elementor-tab-content{padding:7px 15px}}.e-con-inner>.elementor-widget-accordion,.e-con>.elementor-widget-accordion{width:var(--container-widget-width);--flex-grow:var(--container-widget-flex-grow)}<\/style>\t\t<div class=\"elementor-accordion\">\n\t\t\t\t\t\t\t<div class=\"elementor-accordion-item\">\n\t\t\t\t\t<div id=\"elementor-tab-title-1181\" class=\"elementor-tab-title\" data-tab=\"1\" role=\"button\" aria-controls=\"elementor-tab-content-1181\" aria-expanded=\"false\">\n\t\t\t\t\t\t\t\t\t\t\t\t\t<span class=\"elementor-accordion-icon elementor-accordion-icon-left\" aria-hidden=\"true\">\n\t\t\t\t\t\t\t\t\t\t\t\t\t\t\t<span class=\"elementor-accordion-icon-closed\"><i class=\"fas fa-plus\"><\/i><\/span>\n\t\t\t\t\t\t\t\t<span class=\"elementor-accordion-icon-opened\"><i class=\"fas fa-minus\"><\/i><\/span>\n\t\t\t\t\t\t\t\t\t\t\t\t\t\t<\/span>\n\t\t\t\t\t\t\t\t\t\t\t\t<a class=\"elementor-accordion-title\" tabindex=\"0\"><div style=\"margin-left: 3em;\">Rend\u0151rs\u00e9gi id\u00e9z\u00e9st kaptam kihallgat\u00e1sra \/ az \u00fcgy\u00e9szs\u00e9g azonnali kihallgat\u00e1st rendelt el. Mit tehetek?<\/div><\/a>\n\t\t\t\t\t<\/div>\n\t\t\t\t\t<div id=\"elementor-tab-content-1181\" class=\"elementor-tab-content elementor-clearfix\" data-tab=\"1\" role=\"region\" aria-labelledby=\"elementor-tab-title-1181\"><div style=\"text-align: justify;\"><p>V\u00e1dlottk\u00e9nt \u00d6nnek joga van ahhoz, hogy a b\u00fcntet\u0151elj\u00e1r\u00e1s sor\u00e1n b\u00e1rmikor \u00fcgyv\u00e9det b\u00edzzon meg a v\u00e9delemmel (osztr\u00e1k StPO (B\u00fcntet\u00f6elj\u00e1r\u00e1si t\u00f6rv\u00e9ny) 7. \u00a7 (1) bekezd\u00e9se).<\/p><p class=\" translation-block\">FONTOS: \u00d6nnek joga van ahhoz, hogy a kihallgat\u00e1sa el\u0151tt \u00fcgyv\u00e9dhez forduljon, akivel konzult\u00e1lhat a v\u00e1dakr\u00f3l. Legk\u00e9s\u0151bb ekkor vegye fel vel\u00fcnk a kapcsolatot, mert a vallom\u00e1s\u00e1t a v\u00e1dhat\u00f3s\u00e1g \u00edr\u00e1sban r\u00f6gz\u00edti. A vallom\u00e1s\u00e1t Ausztri\u00e1ban gyakorlatilag m\u00e1r nem, vagy csak korl\u00e1tozott m\u00e9rt\u00e9kben lehet \u00e9rdemben m\u00f3dos\u00edtani.<\/p><p>Amint ig\u00e9nyt tart az \u00fcgyv\u00e9di kapcsolatfelv\u00e9telre, a kihallgat\u00e1st el kell halasztani, am\u00edg meg nem \u00e9rkezik az \u00fcgyv\u00e9dje. Amennyiben m\u00e9gis megt\u00f6rt\u00e9nne a kihallgat\u00e1s, fontos \u00edr\u00e1sban r\u00f6gz\u00edteni, hogy \u00d6n \u00e9lni k\u00edv\u00e1nt volna  a v\u00e9delemhez val\u00f3 jog\u00e1val, azaz, hogy \u00fcgyv\u00e9dj\u00e9vel konzult\u00e1ljon a kihallgat\u00e1s el\u0151tt.<\/p><\/div><\/div>\n\t\t\t\t<\/div>\n\t\t\t\t\t\t\t<div class=\"elementor-accordion-item\">\n\t\t\t\t\t<div id=\"elementor-tab-title-1182\" class=\"elementor-tab-title\" data-tab=\"2\" role=\"button\" aria-controls=\"elementor-tab-content-1182\" aria-expanded=\"false\">\n\t\t\t\t\t\t\t\t\t\t\t\t\t<span class=\"elementor-accordion-icon elementor-accordion-icon-left\" aria-hidden=\"true\">\n\t\t\t\t\t\t\t\t\t\t\t\t\t\t\t<span class=\"elementor-accordion-icon-closed\"><i class=\"fas fa-plus\"><\/i><\/span>\n\t\t\t\t\t\t\t\t<span class=\"elementor-accordion-icon-opened\"><i class=\"fas fa-minus\"><\/i><\/span>\n\t\t\t\t\t\t\t\t\t\t\t\t\t\t<\/span>\n\t\t\t\t\t\t\t\t\t\t\t\t<a class=\"elementor-accordion-title\" tabindex=\"0\"><div style=\"margin-left: 3em;\">Nem besz\u00e9lek j\u00f3l n\u00e9met\u00fcl, \u00e9s rend\u0151rs\u00e9gi id\u00e9z\u00e9sem van, hogy v\u00e1dlottk\u00e9nt kihallgassanak. Mit tehetek?<\/div><\/a>\n\t\t\t\t\t<\/div>\n\t\t\t\t\t<div id=\"elementor-tab-content-1182\" class=\"elementor-tab-content elementor-clearfix\" data-tab=\"2\" role=\"region\" aria-labelledby=\"elementor-tab-title-1182\"><div style=\"text-align: justify;\">Ha n\u00e9met\u00fcl nem tudja mag\u00e1t olyan j\u00f3l kifejezni, mint az anyanyelv\u00e9n, ig\u00e9nyt tarthat egy tolm\u00e1cs k\u00f6zrem\u0171k\u00f6d\u00e9s\u00e9re, akit hivatalb\u00f3l rendelnek ki az \u00d6n sz\u00e1m\u00e1ra.\n<\/p>\nMivel az \u00d6n vallom\u00e1sa messzemen\u0151 jelent\u0151s\u00e9ggel b\u00edr a hat\u00f3s\u00e1gok \u00e1ltali kihallgat\u00e1sa sor\u00e1n, sz\u00edvesen v\u00e1llaljuk a tolm\u00e1cs megszervez\u00e9s\u00e9t \u00e9s kirendel\u00e9s\u00e9t.\n<\/div><\/div>\n\t\t\t\t<\/div>\n\t\t\t\t\t\t\t\t\t\t<script type=\"application\/ld+json\">{\n    \"@context\": \"https:\\\/\\\/schema.org\",\n    \"@type\": \"FAQPage\",\n    \"mainEntity\": [\n        {\n            \"@type\": \"Question\",\n            \"name\": \"Ich habe eine polizeiliche Ladung zur Einvernahme \\\/ es ist die sofortige Einvernahme von der Staatsanwaltschaft angeordnet. Was kann ich tun?\",\n            \"acceptedAnswer\": {\n                \"@type\": \"Answer\",\n                \"text\": \"<div style=\\\"text-align: justify;\\\"><p>Als Beschuldigter haben Sie das Recht, zu jedem Zeitpunkt des Strafverfahrens einen Rechtsanwalt mit Ihrer\\u00a0Verteidigung zu beauftragen (\\u00a7 7 Abs 1 StPO).<\\\/p><p><span style=\\\"text-decoration: underline;\\\">WICHTIG<\\\/span>: Sie haben das Recht, <span style=\\\"text-decoration: underline;\\\"><strong>vor<\\\/strong><\\\/span> Ihrer Vernehmung Kontakt zu einem Rechtsanwalt aufzunehmen, um mit ihm\\u00a0R\\u00fccksprache zu den Tatvorw\\u00fcrfen zu halten. Sp\\u00e4testens zu diesem Zeitpunkt sollten Sie Kontakt zu uns\\u00a0aufnehmen, weil Ihre Aussage von der Strafverfolgungsbeh\\u00f6rde schriftlich protokolliert wird und diese zwar auch\\u00a0zu Ihrer Verteidigung, aber auch als Beweis gegen Sie verwendet werden kann.<\\\/p><p>Sobald Sie auf die Beziehung eines Rechtsanwalts bestehen, ist bis zu dessen Eintreffen die Vernehmung\\u00a0aufzuschieben.<\\\/p><\\\/div>\"\n            }\n        },\n        {\n            \"@type\": \"Question\",\n            \"name\": \"Ich spreche nicht gut deutsch und habe eine polizeiliche Ladung zur Einvernahme als Beschuldigter. Was kann ich tun?\",\n            \"acceptedAnswer\": {\n                \"@type\": \"Answer\",\n                \"text\": \"<div style=\\\"text-align: justify;\\\">Falls Sie sich in deutscher Sprache nicht so gut ausdr\\u00fccken k\\u00f6nnen, wie in ihrer Muttersprache, k\\u00f6nnen Sie f\\u00fcr\\u00a0Ihre Einvernahme die Beziehung eines Dolmetschers beantragen.\\n<\\\/p>\\nDa im Rahmen der beh\\u00f6rdlichen Einvernahme selbst Nuancen Ihrer Aussage von weittragender Bedeutung sein\\u00a0k\\u00f6nnen, \\u00fcbernehmen wir in diesem Fall gerne die Beantragung eines Dolmetschers zu Ihrer Einvernahme.\\n<\\\/div>\"\n            }\n        }\n    ]\n}<\/script>\n\t\t\t\t\t<\/div>\n\t\t\t\t<\/div>\n\t\t\t\t<\/div>\n\t\t\t\t\t<\/div>\n\t\t<\/div>\n\t\t\t\t\t\t\t<\/div>\n\t\t<\/section>\n\t\t\t\t\t\t\t<\/div>","protected":false},"excerpt":{"rendered":"<p>Erste Hilfe Antworten auf Ihre Fragen Ich habe eine polizeiliche Ladung zur Einvernahme \/ es ist die sofortige Einvernahme von der Staatsanwaltschaft angeordnet. Was kann ich tun? Als Beschuldigter haben Sie das Recht, zu jedem Zeitpunkt des Strafverfahrens einen Rechtsanwalt mit Ihrer&nbsp;Verteidigung zu beauftragen (\u00a7 7 Abs 1 StPO). WICHTIG: Sie haben das Recht, vor [&hellip;]<\/p>","protected":false},"author":1,"featured_media":0,"parent":0,"menu_order":0,"comment_status":"closed","ping_status":"closed","template":"elementor_header_footer","meta":{"footnotes":""},"class_list":["post-204","page","type-page","status-publish","hentry"],"_links":{"self":[{"href":"https:\/\/buntetojog.at\/hu\/wp-json\/wp\/v2\/pages\/204","targetHints":{"allow":["GET"]}}],"collection":[{"href":"https:\/\/buntetojog.at\/hu\/wp-json\/wp\/v2\/pages"}],"about":[{"href":"https:\/\/buntetojog.at\/hu\/wp-json\/wp\/v2\/types\/page"}],"author":[{"embeddable":true,"href":"https:\/\/buntetojog.at\/hu\/wp-json\/wp\/v2\/users\/1"}],"replies":[{"embeddable":true,"href":"https:\/\/buntetojog.at\/hu\/wp-json\/wp\/v2\/comments?post=204"}],"version-history":[{"count":21,"href":"https:\/\/buntetojog.at\/hu\/wp-json\/wp\/v2\/pages\/204\/revisions"}],"predecessor-version":[{"id":439,"href":"https:\/\/buntetojog.at\/hu\/wp-json\/wp\/v2\/pages\/204\/revisions\/439"}],"wp:attachment":[{"href":"https:\/\/buntetojog.at\/hu\/wp-json\/wp\/v2\/media?parent=204"}],"curies":[{"name":"wp","href":"https:\/\/api.w.org\/{rel}","templated":true}]}}