{"id":152,"date":"2022-06-09T11:39:08","date_gmt":"2022-06-09T09:39:08","guid":{"rendered":"https:\/\/buntetojog.at\/?page_id=152"},"modified":"2022-06-23T09:23:44","modified_gmt":"2022-06-23T07:23:44","slug":"faq","status":"publish","type":"page","link":"https:\/\/buntetojog.at\/hu\/gyik\/","title":{"rendered":"GYIK"},"content":{"rendered":"<div data-elementor-type=\"wp-page\" data-elementor-id=\"152\" class=\"elementor elementor-152\" data-elementor-post-type=\"page\">\n\t\t\t\t\t\t\t\t\t<main class=\"elementor-section elementor-top-section elementor-element elementor-element-7ce77236 elementor-section-height-min-height elementor-section-boxed elementor-section-height-default elementor-section-items-middle\" data-id=\"7ce77236\" data-element_type=\"section\" data-settings=\"{&quot;background_background&quot;:&quot;classic&quot;}\">\n\t\t\t\t\t\t\t<div class=\"elementor-background-overlay\"><\/div>\n\t\t\t\t\t\t\t<div class=\"elementor-container elementor-column-gap-default\">\n\t\t\t\t\t<div class=\"elementor-column elementor-col-100 elementor-top-column elementor-element elementor-element-73add63b\" data-id=\"73add63b\" data-element_type=\"column\">\n\t\t\t<div class=\"elementor-widget-wrap elementor-element-populated\">\n\t\t\t\t\t\t\t\t<div class=\"elementor-element elementor-element-23a0f355 elementor-widget elementor-widget-heading\" data-id=\"23a0f355\" data-element_type=\"widget\" data-widget_type=\"heading.default\">\n\t\t\t\t<div class=\"elementor-widget-container\">\n\t\t\t<style>\/*! elementor - v3.15.0 - 20-08-2023 *\/\n.elementor-heading-title{padding:0;margin:0;line-height:1}.elementor-widget-heading .elementor-heading-title[class*=elementor-size-]>a{color:inherit;font-size:inherit;line-height:inherit}.elementor-widget-heading .elementor-heading-title.elementor-size-small{font-size:15px}.elementor-widget-heading .elementor-heading-title.elementor-size-medium{font-size:19px}.elementor-widget-heading .elementor-heading-title.elementor-size-large{font-size:29px}.elementor-widget-heading .elementor-heading-title.elementor-size-xl{font-size:39px}.elementor-widget-heading .elementor-heading-title.elementor-size-xxl{font-size:59px}<\/style><h1 class=\"elementor-heading-title elementor-size-default\">GYIK | gyakori k\u00e9rd\u00e9sek<\/h1>\t\t<\/div>\n\t\t\t\t<\/div>\n\t\t\t\t\t<\/div>\n\t\t<\/div>\n\t\t\t\t\t\t\t<\/div>\n\t\t<\/main>\n\t\t\t\t<section class=\"elementor-section elementor-top-section elementor-element elementor-element-61297c92 elementor-section-boxed elementor-section-height-default elementor-section-height-default\" data-id=\"61297c92\" data-element_type=\"section\">\n\t\t\t\t\t\t<div class=\"elementor-container elementor-column-gap-default\">\n\t\t\t\t\t<div class=\"elementor-column elementor-col-100 elementor-top-column elementor-element elementor-element-43651701\" data-id=\"43651701\" data-element_type=\"column\">\n\t\t\t<div class=\"elementor-widget-wrap elementor-element-populated\">\n\t\t\t\t\t\t\t\t<div class=\"elementor-element elementor-element-5c43d21 elementor-widget__width-initial elementor-hidden-mobile elementor-widget-divider--view-line elementor-widget elementor-widget-divider\" data-id=\"5c43d21\" data-element_type=\"widget\" data-widget_type=\"divider.default\">\n\t\t\t\t<div class=\"elementor-widget-container\">\n\t\t\t<style>\/*! elementor - v3.15.0 - 20-08-2023 *\/\n.elementor-widget-divider{--divider-border-style:none;--divider-border-width:1px;--divider-color:#0c0d0e;--divider-icon-size:20px;--divider-element-spacing:10px;--divider-pattern-height:24px;--divider-pattern-size:20px;--divider-pattern-url:none;--divider-pattern-repeat:repeat-x}.elementor-widget-divider .elementor-divider{display:flex}.elementor-widget-divider .elementor-divider__text{font-size:15px;line-height:1;max-width:95%}.elementor-widget-divider .elementor-divider__element{margin:0 var(--divider-element-spacing);flex-shrink:0}.elementor-widget-divider .elementor-icon{font-size:var(--divider-icon-size)}.elementor-widget-divider .elementor-divider-separator{display:flex;margin:0;direction:ltr}.elementor-widget-divider--view-line_icon .elementor-divider-separator,.elementor-widget-divider--view-line_text .elementor-divider-separator{align-items:center}.elementor-widget-divider--view-line_icon .elementor-divider-separator:after,.elementor-widget-divider--view-line_icon .elementor-divider-separator:before,.elementor-widget-divider--view-line_text .elementor-divider-separator:after,.elementor-widget-divider--view-line_text .elementor-divider-separator:before{display:block;content:\"\";border-bottom:0;flex-grow:1;border-top:var(--divider-border-width) var(--divider-border-style) var(--divider-color)}.elementor-widget-divider--element-align-left .elementor-divider .elementor-divider-separator>.elementor-divider__svg:first-of-type{flex-grow:0;flex-shrink:100}.elementor-widget-divider--element-align-left .elementor-divider-separator:before{content:none}.elementor-widget-divider--element-align-left .elementor-divider__element{margin-left:0}.elementor-widget-divider--element-align-right .elementor-divider .elementor-divider-separator>.elementor-divider__svg:last-of-type{flex-grow:0;flex-shrink:100}.elementor-widget-divider--element-align-right .elementor-divider-separator:after{content:none}.elementor-widget-divider--element-align-right .elementor-divider__element{margin-right:0}.elementor-widget-divider:not(.elementor-widget-divider--view-line_text):not(.elementor-widget-divider--view-line_icon) .elementor-divider-separator{border-top:var(--divider-border-width) var(--divider-border-style) var(--divider-color)}.elementor-widget-divider--separator-type-pattern{--divider-border-style:none}.elementor-widget-divider--separator-type-pattern.elementor-widget-divider--view-line .elementor-divider-separator,.elementor-widget-divider--separator-type-pattern:not(.elementor-widget-divider--view-line) .elementor-divider-separator:after,.elementor-widget-divider--separator-type-pattern:not(.elementor-widget-divider--view-line) .elementor-divider-separator:before,.elementor-widget-divider--separator-type-pattern:not([class*=elementor-widget-divider--view]) .elementor-divider-separator{width:100%;min-height:var(--divider-pattern-height);-webkit-mask-size:var(--divider-pattern-size) 100%;mask-size:var(--divider-pattern-size) 100%;-webkit-mask-repeat:var(--divider-pattern-repeat);mask-repeat:var(--divider-pattern-repeat);background-color:var(--divider-color);-webkit-mask-image:var(--divider-pattern-url);mask-image:var(--divider-pattern-url)}.elementor-widget-divider--no-spacing{--divider-pattern-size:auto}.elementor-widget-divider--bg-round{--divider-pattern-repeat:round}.rtl .elementor-widget-divider .elementor-divider__text{direction:rtl}.e-con-inner>.elementor-widget-divider,.e-con>.elementor-widget-divider{width:var(--container-widget-width,100%);--flex-grow:var(--container-widget-flex-grow)}<\/style>\t\t<div class=\"elementor-divider\">\n\t\t\t<span class=\"elementor-divider-separator\">\n\t\t\t\t\t\t<\/span>\n\t\t<\/div>\n\t\t\t\t<\/div>\n\t\t\t\t<\/div>\n\t\t\t\t<div class=\"elementor-element elementor-element-292a29a7 elementor-widget__width-auto elementor-widget elementor-widget-heading\" data-id=\"292a29a7\" data-element_type=\"widget\" data-widget_type=\"heading.default\">\n\t\t\t\t<div class=\"elementor-widget-container\">\n\t\t\t<h2 class=\"elementor-heading-title elementor-size-default\">v\u00e1lasz a k\u00e9rd\u00e9s\u00e9re<\/h2>\t\t<\/div>\n\t\t\t\t<\/div>\n\t\t\t\t<div class=\"elementor-element elementor-element-3cf680a elementor-widget__width-initial elementor-widget-divider--view-line elementor-widget elementor-widget-divider\" data-id=\"3cf680a\" data-element_type=\"widget\" data-widget_type=\"divider.default\">\n\t\t\t\t<div class=\"elementor-widget-container\">\n\t\t\t\t\t<div class=\"elementor-divider\">\n\t\t\t<span class=\"elementor-divider-separator\">\n\t\t\t\t\t\t<\/span>\n\t\t<\/div>\n\t\t\t\t<\/div>\n\t\t\t\t<\/div>\n\t\t\t\t<div class=\"elementor-element elementor-element-46c4bbc4 elementor-widget elementor-widget-accordion\" data-id=\"46c4bbc4\" data-element_type=\"widget\" data-widget_type=\"accordion.default\">\n\t\t\t\t<div class=\"elementor-widget-container\">\n\t\t\t<style>\/*! elementor - v3.15.0 - 20-08-2023 *\/\n.elementor-accordion{text-align:left}.elementor-accordion .elementor-accordion-item{border:1px solid #d5d8dc}.elementor-accordion .elementor-accordion-item+.elementor-accordion-item{border-top:none}.elementor-accordion .elementor-tab-title{margin:0;padding:15px 20px;font-weight:700;line-height:1;cursor:pointer;outline:none}.elementor-accordion .elementor-tab-title .elementor-accordion-icon{display:inline-block;width:1.5em}.elementor-accordion .elementor-tab-title .elementor-accordion-icon svg{width:1em;height:1em}.elementor-accordion .elementor-tab-title .elementor-accordion-icon.elementor-accordion-icon-right{float:right;text-align:right}.elementor-accordion .elementor-tab-title .elementor-accordion-icon.elementor-accordion-icon-left{float:left;text-align:left}.elementor-accordion .elementor-tab-title .elementor-accordion-icon .elementor-accordion-icon-closed{display:block}.elementor-accordion .elementor-tab-title .elementor-accordion-icon .elementor-accordion-icon-opened,.elementor-accordion .elementor-tab-title.elementor-active .elementor-accordion-icon-closed{display:none}.elementor-accordion .elementor-tab-title.elementor-active .elementor-accordion-icon-opened{display:block}.elementor-accordion .elementor-tab-content{display:none;padding:15px 20px;border-top:1px solid #d5d8dc}@media (max-width:767px){.elementor-accordion .elementor-tab-title{padding:12px 15px}.elementor-accordion .elementor-tab-title .elementor-accordion-icon{width:1.2em}.elementor-accordion .elementor-tab-content{padding:7px 15px}}.e-con-inner>.elementor-widget-accordion,.e-con>.elementor-widget-accordion{width:var(--container-widget-width);--flex-grow:var(--container-widget-flex-grow)}<\/style>\t\t<div class=\"elementor-accordion\">\n\t\t\t\t\t\t\t<div class=\"elementor-accordion-item\">\n\t\t\t\t\t<div id=\"elementor-tab-title-1181\" class=\"elementor-tab-title\" data-tab=\"1\" role=\"button\" aria-controls=\"elementor-tab-content-1181\" aria-expanded=\"false\">\n\t\t\t\t\t\t\t\t\t\t\t\t\t<span class=\"elementor-accordion-icon elementor-accordion-icon-left\" aria-hidden=\"true\">\n\t\t\t\t\t\t\t\t\t\t\t\t\t\t\t<span class=\"elementor-accordion-icon-closed\"><i class=\"fas fa-plus\"><\/i><\/span>\n\t\t\t\t\t\t\t\t<span class=\"elementor-accordion-icon-opened\"><i class=\"fas fa-minus\"><\/i><\/span>\n\t\t\t\t\t\t\t\t\t\t\t\t\t\t<\/span>\n\t\t\t\t\t\t\t\t\t\t\t\t<a class=\"elementor-accordion-title\" tabindex=\"0\">Hogyan l\u00e9phetek kapcsolatba a MOZGA &amp; UJVAROSI \u00fcgyv\u00e9dekkel?<\/a>\n\t\t\t\t\t<\/div>\n\t\t\t\t\t<div id=\"elementor-tab-content-1181\" class=\"elementor-tab-content elementor-clearfix\" data-tab=\"1\" role=\"region\" aria-labelledby=\"elementor-tab-title-1181\"><div style=\"text-align: justify;\">Modern szolg\u00e1ltat\u00f3knak tekintj\u00fck magunkat, ez\u00e9rt a hagyom\u00e1nyos \u00fcgyv\u00e9di irodai id\u0151k\u00f6n k\u00edv\u00fcl is rendelkez\u00e9s\u00e9re \u00e1llunk \u00fcgyfeleinknek b\u00fcntet\u0151jogi v\u00e9szhelyzetekben.\n<br>\nA kapcsolatfelv\u00e9tel telefonon vagy e-mailen t\u00f6rt\u00e9nhet.\n<\/div><\/div>\n\t\t\t\t<\/div>\n\t\t\t\t\t\t\t<div class=\"elementor-accordion-item\">\n\t\t\t\t\t<div id=\"elementor-tab-title-1182\" class=\"elementor-tab-title\" data-tab=\"2\" role=\"button\" aria-controls=\"elementor-tab-content-1182\" aria-expanded=\"false\">\n\t\t\t\t\t\t\t\t\t\t\t\t\t<span class=\"elementor-accordion-icon elementor-accordion-icon-left\" aria-hidden=\"true\">\n\t\t\t\t\t\t\t\t\t\t\t\t\t\t\t<span class=\"elementor-accordion-icon-closed\"><i class=\"fas fa-plus\"><\/i><\/span>\n\t\t\t\t\t\t\t\t<span class=\"elementor-accordion-icon-opened\"><i class=\"fas fa-minus\"><\/i><\/span>\n\t\t\t\t\t\t\t\t\t\t\t\t\t\t<\/span>\n\t\t\t\t\t\t\t\t\t\t\t\t<a class=\"elementor-accordion-title\" tabindex=\"0\"><div style=\"margin-left: 3em;\">MOZGA &amp; UJVAROSI \u00dcgyv\u00e9di Iroda k\u00e9pviselet\u00e9t ig\u00e9nybe vehetem-e Ausztria eg\u00e9sz ter\u00fclet\u00e9n?<\/div><\/a>\n\t\t\t\t\t<\/div>\n\t\t\t\t\t<div id=\"elementor-tab-content-1182\" class=\"elementor-tab-content elementor-clearfix\" data-tab=\"2\" role=\"region\" aria-labelledby=\"elementor-tab-title-1182\"><div style=\"text-align: justify;\">\nIgen, Ausztria minden tartom\u00e1ny\u00e1ban v\u00e1llaljuk az \u00d6n jogi k\u00e9pviselet\u00e9t.\n<\/div>\n\n<\/div>\n\t\t\t\t<\/div>\n\t\t\t\t\t\t\t<div class=\"elementor-accordion-item\">\n\t\t\t\t\t<div id=\"elementor-tab-title-1183\" class=\"elementor-tab-title\" data-tab=\"3\" role=\"button\" aria-controls=\"elementor-tab-content-1183\" aria-expanded=\"false\">\n\t\t\t\t\t\t\t\t\t\t\t\t\t<span class=\"elementor-accordion-icon elementor-accordion-icon-left\" aria-hidden=\"true\">\n\t\t\t\t\t\t\t\t\t\t\t\t\t\t\t<span class=\"elementor-accordion-icon-closed\"><i class=\"fas fa-plus\"><\/i><\/span>\n\t\t\t\t\t\t\t\t<span class=\"elementor-accordion-icon-opened\"><i class=\"fas fa-minus\"><\/i><\/span>\n\t\t\t\t\t\t\t\t\t\t\t\t\t\t<\/span>\n\t\t\t\t\t\t\t\t\t\t\t\t<a class=\"elementor-accordion-title\" tabindex=\"0\">MOZGA &amp; UJVAROSI \u00fcgyv\u00e9dek Magyarorsz\u00e1ghoz k\u00f6t\u0151d\u00e9s\u0171 k\u00e9pviseletet is ell\u00e1tnak?<\/a>\n\t\t\t\t\t<\/div>\n\t\t\t\t\t<div id=\"elementor-tab-content-1183\" class=\"elementor-tab-content elementor-clearfix\" data-tab=\"3\" role=\"region\" aria-labelledby=\"elementor-tab-title-1183\"><div style=\"text-align: justify;\" class=\" translation-block\">K\u00e9tnyelv\u0171s\u00e9g\u00fcnknek (magyar \u00e9s n\u00e9met), valamint helyi \u00e9s nemzetk\u00f6zi partnerh\u00e1l\u00f3zatunknak k\u00f6sz\u00f6nhet\u0151en magyarorsz\u00e1gi k\u00f6t\u0151d\u00e9s\u0171 b\u00fcntet\u0151\u00fcgyekben is k\u00e9pviselj\u00fck \u00fcgyfeleink \u00e9rdekeit.\n \nEgy\u00fcttm\u0171k\u00f6d\u00fcnk neves magyar b\u00fcntet\u0151jog\u00e1szokkal (Ber\u00e9nyi \u00e9s T\u00e1rsai), akik szaktud\u00e1sukkal \u00e9s a helyi szok\u00e1sok ismeretts\u00e9geivel (pl. hat\u00f3s\u00e1gokkal, b\u00edr\u00f3s\u00e1gokkal, b\u00fcntet\u0151v\u00e9grehajt\u00e1si int\u00e9zetekkel szemben) rendelkez\u00e9s\u00fcnkre \u00e1llnak.<\/div><\/div>\n\t\t\t\t<\/div>\n\t\t\t\t\t\t\t<div class=\"elementor-accordion-item\">\n\t\t\t\t\t<div id=\"elementor-tab-title-1184\" class=\"elementor-tab-title\" data-tab=\"4\" role=\"button\" aria-controls=\"elementor-tab-content-1184\" aria-expanded=\"false\">\n\t\t\t\t\t\t\t\t\t\t\t\t\t<span class=\"elementor-accordion-icon elementor-accordion-icon-left\" aria-hidden=\"true\">\n\t\t\t\t\t\t\t\t\t\t\t\t\t\t\t<span class=\"elementor-accordion-icon-closed\"><i class=\"fas fa-plus\"><\/i><\/span>\n\t\t\t\t\t\t\t\t<span class=\"elementor-accordion-icon-opened\"><i class=\"fas fa-minus\"><\/i><\/span>\n\t\t\t\t\t\t\t\t\t\t\t\t\t\t<\/span>\n\t\t\t\t\t\t\t\t\t\t\t\t<a class=\"elementor-accordion-title\" tabindex=\"0\"><div style=\"margin-left: 3em;\">Milyen b\u00fcntet\u0151jogi \u00fcgyekben fordulhatok a MOZGA&amp; UJVAROSI \u00fcgyv\u00e9dekhez?<\/div><\/a>\n\t\t\t\t\t<\/div>\n\t\t\t\t\t<div id=\"elementor-tab-content-1184\" class=\"elementor-tab-content elementor-clearfix\" data-tab=\"4\" role=\"region\" aria-labelledby=\"elementor-tab-title-1184\"><div style=\"text-align: justify;\">Munk\u00e1nk k\u00f6z\u00e9ppontj\u00e1ban a k\u00f6vetkez\u0151 b\u0171ncselekm\u00e9nyekkel v\u00e1dolt \u00fcgyfelek tan\u00e1csad\u00e1sa \u00e9s k\u00e9pviselete, vagyis a v\u00e1dlott v\u00e9delme \u00e1ll: <br>\n<ul>\n \t<li>testi s\u00e9rt\u00e9s, gar\u00e1zdas\u00e1g<\/li>\n \t<li>szabads\u00e1g elleni b\u0171ncselekm\u00e9nyek (szabads\u00e1gelvon\u00e1s, emberrabl\u00e1s, k\u00e9nyszer\u00edt\u00e9s, fenyeget\u00e9s, zaklat\u00e1s)<\/li>\n \t<li>becs\u00fclet elleni b\u0171ncselekm\u00e9nyek (r\u00e1galmaz\u00e1s \u2013 ak\u00e1r az interneten)<\/li>\n \t<li>lop\u00e1s, bet\u00f6r\u00e9s, rabl\u00e1s, zsarol\u00e1s, csal\u00e1s, orgazdas\u00e1g, rong\u00e1l\u00e1s<\/li>\n \t<li>k\u00fcl\u00f6nb\u00f6z\u0151 egy\u00e9b b\u0171ncselekm\u00e9nyek, amelyek b\u00edr\u00f3s\u00e1gi elj\u00e1r\u00e1st vonhatnak magukkal<\/li>\n<\/ul>\n<br>\nMunk\u00e1nk m\u00e1sik f\u00f3kusz\u00e1ban a k\u00e1b\u00edt\u00f3szerrel kapcsolatos b\u0171ncselekm\u00e9nyekkel kapcsolatos b\u00fcntet\u0151jogi v\u00e9delem \u00e1ll.\n<\/div><\/div>\n\t\t\t\t<\/div>\n\t\t\t\t\t\t\t<div class=\"elementor-accordion-item\">\n\t\t\t\t\t<div id=\"elementor-tab-title-1185\" class=\"elementor-tab-title\" data-tab=\"5\" role=\"button\" aria-controls=\"elementor-tab-content-1185\" aria-expanded=\"false\">\n\t\t\t\t\t\t\t\t\t\t\t\t\t<span class=\"elementor-accordion-icon elementor-accordion-icon-left\" aria-hidden=\"true\">\n\t\t\t\t\t\t\t\t\t\t\t\t\t\t\t<span class=\"elementor-accordion-icon-closed\"><i class=\"fas fa-plus\"><\/i><\/span>\n\t\t\t\t\t\t\t\t<span class=\"elementor-accordion-icon-opened\"><i class=\"fas fa-minus\"><\/i><\/span>\n\t\t\t\t\t\t\t\t\t\t\t\t\t\t<\/span>\n\t\t\t\t\t\t\t\t\t\t\t\t<a class=\"elementor-accordion-title\" tabindex=\"0\"><div style=\"margin-left: 3em;\">K\u00f6zigazgat\u00e1si b\u00fcntet\u0151jogi \u00fcgyekben is fordulhatok a MOZGA &amp; UJVAROSI \u00fcgyv\u00e9di irod\u00e1hoz?<\/div><\/a>\n\t\t\t\t\t<\/div>\n\t\t\t\t\t<div id=\"elementor-tab-content-1185\" class=\"elementor-tab-content elementor-clearfix\" data-tab=\"5\" role=\"region\" aria-labelledby=\"elementor-tab-title-1185\">Igen, k\u00f6zigazgat\u00e1si b\u00fcntet\u0151jogi \u00fcgyekben is k\u00e9pviselj\u00fck az \u00d6n \u00e9rdekeit.\n<\/p>\n\n<div style=\"text-align: justify;\">Ausztri\u00e1ban az egyes k\u00f6zigazgat\u00e1si jogszab\u00e1lyok, mint p\u00e9ld\u00e1ul a g\u00e9pj\u00e1rm\u0171vekre vonatkoz\u00f3 t\u00f6rv\u00e9nyk\u00f6nyv (Kraftfahrzeuggesetz-KFG), a KRESZ (Stra\u00dfenverkehrsordnung - StVO), az idegenrend\u00e9szeti t\u00f6rv\u00e9ny (Fremdenpolizeigesetz - FPG), a g\u00e9pj\u00e1rm\u0171vezet\u0151i enged\u00e9lyr\u0151l sz\u00f3l\u00f3 t\u00f6rv\u00e9ny (F\u00fchrerscheingesetz - FSG), a kereskedelemszab\u00e1lyoz\u00e1si t\u00f6rv\u00e9ny (Gewerbeordnung - GewO) bizonyos magatart\u00e1si norm\u00e1kat szab\u00e1lyoznak, amelyek megs\u00e9rt\u00e9se k\u00f6zigazgat\u00e1si b\u00fcntet\u0151elj\u00e1r\u00e1st vonhat mag\u00e1val.<\/div>\n<br>\n\nA k\u00f6zigazgat\u00e1si b\u00fcntet\u0151jog ter\u00fclet\u00e9n v\u00e9gzett tev\u00e9kenys\u00e9g\u00fcnk k\u00fcl\u00f6n\u00f6sen a k\u00f6vetkez\u0151kre terjed ki:\n<ul>\n \t<li>k\u00f6zleked\u00e9si jogs\u00e9rt\u00e9s (ittas vezet\u00e9s, k\u00e1b\u00edt\u00f3szer okozta k\u00e1rosod\u00e1s; k\u00f6zleked\u00e9si b\u00edrs\u00e1gok k\u00fclf\u00f6ld\u00f6n)<\/li>\n \t<li>Ausztri\u00e1b\u00f3l val\u00f3 kiutas\u00edt\u00e1s \u00e9s tart\u00f3zkod\u00e1si tilalom<\/li>\n<\/ul><\/div>\n\t\t\t\t<\/div>\n\t\t\t\t\t\t\t\t\t\t<script type=\"application\/ld+json\">{\n    \"@context\": \"https:\\\/\\\/schema.org\",\n    \"@type\": \"FAQPage\",\n    \"mainEntity\": [\n        {\n            \"@type\": \"Question\",\n            \"name\": \"Wie kann ich Kontakt zu den Rechtsanw\\u00e4lten MOZGA & UJVAROSI aufnehmen?\",\n            \"acceptedAnswer\": {\n                \"@type\": \"Answer\",\n                \"text\": \"<div style=\\\"text-align: justify;\\\">Wir verstehen uns als modernde Dienstleister und stehen unseren Mandanten in strafrechtlichen Notf\\u00e4llen daher auch au\\u00dferhalb der klassischen B\\u00fcroarbeitszeiten zur Verf\\u00fcgung.\\n<br>\\nDie Kontaktaufnahme kann telefonisch oder per E-Mail erfolgen.\\n<\\\/div>\"\n            }\n        },\n        {\n            \"@type\": \"Question\",\n            \"name\": \"Kann ich die Vertretung durch die Rechtsanw\\u00e4lte MOZGA & UJVAROSI in ganz \\u00d6sterreich in Anspruch nehmen?\",\n            \"acceptedAnswer\": {\n                \"@type\": \"Answer\",\n                \"text\": \"<div style=\\\"text-align: justify;\\\">\\nJa, wir sind bereit, Ihre Vertretung in allen Bundesl\\u00e4ndern \\u00d6sterreichs zu \\u00fcbernehmen.\\n<\\\/div>\\n\\n\"\n            }\n        },\n        {\n            \"@type\": \"Question\",\n            \"name\": \"\\u00dcbernehmen die Rechtsanw\\u00e4lte MOZGA & UJVAROSI die Vertretung auch mit Auslandsbezug zu Ungarn?\",\n            \"acceptedAnswer\": {\n                \"@type\": \"Answer\",\n                \"text\": \"<div style=\\\"text-align: justify;\\\">Dank unserer Zweisprachigkeit (ungarisch und deutsch) sowie unsere \\u00fcberregionale und internationale\\n\\nVernetzung mit Beh\\u00f6rden und Anw\\u00e4lten, sind wir in der Lage, Sie auch in Strafsachen mit ungarischem\\n\\nAuslandsbezug zu beraten.\\n\\nWir kooperieren mit renommierten ungarischen Anw\\u00e4lten f\\u00fcr Strafrecht (<span style=\\\"color: #515151;\\\"><a style=\\\"color: #515151;\\\" href=\\\"https:\\\/\\\/www.berenyiestarsai.hu\\\" target=\\\"_blank\\\" rel=\\\"noopener\\\">Ber\\u00e9nyi \\u00e9s T\\u00e1rsai<\\\/a><\\\/span>), die\\n\\nuns ihre Expertise zur Verf\\u00fcgung stellen und die lokalen Gepflogenheiten im Umgang mit ungarischen Beh\\u00f6rden,\\n\\nGerichten und Haftanstalten beherrschen.\\n<\\\/div>\"\n            }\n        },\n        {\n            \"@type\": \"Question\",\n            \"name\": \"In welchen strafrechtlichen Angelegenheiten kann ich mich an die Rechtsanw\\u00e4lte MOZGA& UJVAROSI wenden?\",\n            \"acceptedAnswer\": {\n                \"@type\": \"Answer\",\n                \"text\": \"<div style=\\\"text-align: justify;\\\">Schwerpunkte unserer T\\u00e4tigkeit bildet die Beratung und Vertretung von beschuldigten Mandanten in\\u00a0nachstehenden Delikten <br>\\n<ul>\\n \\t<li>gegen Leib und Leben (K\\u00f6rperverletzung, Raufhandel)<\\\/li>\\n \\t<li>gegen die Freiheit (Freiheitsentziehung, Entf\\u00fchrungen, N\\u00f6tigung, Drohung, Stalking)<\\\/li>\\n \\t<li>gegen die Ehre (\\u00fcble Nachrede &#8211; auch im Internet)<\\\/li>\\n \\t<li>gegen das fremde Verm\\u00f6gen (Sachbesch\\u00e4digung, Diebstahl, Einbruchsdiebstahl, Raub, Erpressung, Betrug, Hehlerei)<\\\/li>\\n \\t<li>diverse andere Strafdelikte, welche gerichtlicher Ahndung unterstellt sind (Schlepperei)<\\\/li>\\n<\\\/ul>\\n<br>\\nEinen weiteren Schwerpunkt unserer T\\u00e4tigkeit bildet die Strafverteidigung in Suchtmitteldelikten.\\n<\\\/div>\"\n            }\n        },\n        {\n            \"@type\": \"Question\",\n            \"name\": \"Kann ich mich auch in Angelegenheiten des Verwaltungsstrafrechts an die Rechtsanw\\u00e4lte MOZGA & UJVAROSI wenden?\",\n            \"acceptedAnswer\": {\n                \"@type\": \"Answer\",\n                \"text\": \"Ja, wir beraten und vertreten Sie auch in verwaltungsstrafrechtlichen Causen.\\n<\\\/p>\\n\\n<div style=\\\"text-align: justify;\\\">In \\u00d6sterreich regeln einzelne Verwaltungsgesetze, so etwa das Kraftfahrzeuggesetz-KFG; die\\u00a0Stra\\u00dfenverkehrsordnung &#8211; StVO; Fremdenpolizeigesetz &#8211; FPG, F\\u00fchrerscheingesetz &#8211; FSG; Gewerbeordnung &#8211;\\u00a0GewO, bestimmte Verhaltensnormen, deren Verletzung im Rahmen eines Verwaltungsstrafverfahrens sanktioniert\\u00a0werden kann.<\\\/div>\\n<br>\\n\\nUnsere T\\u00e4tigkeiten erstrecken sich im Verwaltungsstrafrecht insbesondere auf:\\n<ul>\\n \\t<li>allgemeine Verkehrsdelikte (Vormerksystem &#8211; , Punktef\\u00fchrerschein&#8220;: Alkohol am Steuer, Beeintr\\u00e4chtigung durch Drogen; Verkehrsstrafen im Ausland)<\\\/li>\\n \\t<li>Ausweisung und Aufenthaltsverbot in der Republik \\u00d6sterreich infolge strafgerichtlicher Verurteilungen<\\\/li>\\n<\\\/ul>\"\n            }\n        }\n    ]\n}<\/script>\n\t\t\t\t\t<\/div>\n\t\t\t\t<\/div>\n\t\t\t\t<\/div>\n\t\t\t\t\t<\/div>\n\t\t<\/div>\n\t\t\t\t\t\t\t<\/div>\n\t\t<\/section>\n\t\t\t\t\t\t\t<\/div>","protected":false},"excerpt":{"rendered":"<p>FAQ | H\u00e4ufig gestellte Fragen Antworten auf Ihre Fragen Wie kann ich Kontakt zu den Rechtsanw\u00e4lten MOZGA &#038; UJVAROSI aufnehmen? Wir verstehen uns als modernde Dienstleister und stehen unseren Mandanten in strafrechtlichen Notf\u00e4llen daher auch au\u00dferhalb der klassischen B\u00fcroarbeitszeiten zur Verf\u00fcgung. Die Kontaktaufnahme kann telefonisch oder per E-Mail erfolgen. Kann ich die Vertretung durch die [&hellip;]<\/p>","protected":false},"author":1,"featured_media":0,"parent":0,"menu_order":0,"comment_status":"closed","ping_status":"closed","template":"elementor_header_footer","meta":{"footnotes":""},"class_list":["post-152","page","type-page","status-publish","hentry"],"_links":{"self":[{"href":"https:\/\/buntetojog.at\/hu\/wp-json\/wp\/v2\/pages\/152","targetHints":{"allow":["GET"]}}],"collection":[{"href":"https:\/\/buntetojog.at\/hu\/wp-json\/wp\/v2\/pages"}],"about":[{"href":"https:\/\/buntetojog.at\/hu\/wp-json\/wp\/v2\/types\/page"}],"author":[{"embeddable":true,"href":"https:\/\/buntetojog.at\/hu\/wp-json\/wp\/v2\/users\/1"}],"replies":[{"embeddable":true,"href":"https:\/\/buntetojog.at\/hu\/wp-json\/wp\/v2\/comments?post=152"}],"version-history":[{"count":35,"href":"https:\/\/buntetojog.at\/hu\/wp-json\/wp\/v2\/pages\/152\/revisions"}],"predecessor-version":[{"id":366,"href":"https:\/\/buntetojog.at\/hu\/wp-json\/wp\/v2\/pages\/152\/revisions\/366"}],"wp:attachment":[{"href":"https:\/\/buntetojog.at\/hu\/wp-json\/wp\/v2\/media?parent=152"}],"curies":[{"name":"wp","href":"https:\/\/api.w.org\/{rel}","templated":true}]}}